{"id":1148,"date":"2023-09-23T09:18:11","date_gmt":"2023-09-23T09:18:11","guid":{"rendered":"https:\/\/mastruzzimultimedia.it\/?page_id=1148"},"modified":"2023-09-26T13:07:11","modified_gmt":"2023-09-26T13:07:11","slug":"laboratorio-cinematografico","status":"publish","type":"page","link":"https:\/\/mastruzzimultimedia.it\/index.php\/laboratorio-cinematografico\/","title":{"rendered":"Laboratorio cinematografico"},"content":{"rendered":"<p>[et_pb_section fb_built=&#8221;1&#8243; _builder_version=&#8221;4.16&#8243; _module_preset=&#8221;default&#8221; custom_margin=&#8221;||-5px|||&#8221; custom_padding=&#8221;0px||0px|||&#8221; global_colors_info=&#8221;{}&#8221;][et_pb_row _builder_version=&#8221;4.16&#8243; _module_preset=&#8221;default&#8221; custom_padding=&#8221;||0px|||&#8221; global_colors_info=&#8221;{}&#8221;][et_pb_column type=&#8221;4_4&#8243; _builder_version=&#8221;4.16&#8243; _module_preset=&#8221;default&#8221; global_colors_info=&#8221;{}&#8221;][et_pb_text _builder_version=&#8221;4.16&#8243; _module_preset=&#8221;default&#8221; header_font=&#8221;Verdana|700|||||||&#8221; header_text_color=&#8221;#ff97eb&#8221; global_colors_info=&#8221;{}&#8221;]<\/p>\n<h1>Laboratorio cinematografico<\/h1>\n<p>[\/et_pb_text][\/et_pb_column][\/et_pb_row][\/et_pb_section][et_pb_section fb_built=&#8221;1&#8243; _builder_version=&#8221;4.16&#8243; _module_preset=&#8221;default&#8221; custom_padding=&#8221;0px||0px|||&#8221; global_colors_info=&#8221;{}&#8221;][et_pb_row _builder_version=&#8221;4.16&#8243; _module_preset=&#8221;default&#8221; custom_padding=&#8221;|||0px||&#8221; global_colors_info=&#8221;{}&#8221;][et_pb_column type=&#8221;4_4&#8243; _builder_version=&#8221;4.16&#8243; _module_preset=&#8221;default&#8221; global_colors_info=&#8221;{}&#8221;][et_pb_text _builder_version=&#8221;4.22.2&#8243; _module_preset=&#8221;default&#8221; text_font=&#8221;Verdana||||||||&#8221; text_text_color=&#8221;#FFFFFF&#8221; custom_padding=&#8221;||0px|||&#8221; global_colors_info=&#8221;{}&#8221;]<\/p>\n<p>Marcello Mastruzzi dopo essersi laureato presso l\u2019Accademia di Belle Arti di Brescia (laurea magistrale LABA) e aver lavorato come professionista nel settore artistico, decide di promuovere laboratori di cinema aperti a tutti coloro che vogliono approfondire la materia da un punto di vista tecnico e creativo.<\/p>\n<p>All\u2019interno del corso si possono raggiungere diverse competenze, ad esempio riuscire a pensare un\u2019idea e scriverla sotto forma di sceneggiatura, trasformare il testo in un prodotto audiovisivo, imparare le tecniche di ripresa e la direzione della fotografia. Tutto ci\u00f2 partendo prima dalla produzione.<br \/>I corsisti sapranno orientarsi in un set controllandone la regia e portando a termine un filmato con editing professionale.<\/p>\n<p>I laboratori si suddividono in due livelli. Il primo prevede la realizzazione di un cortometraggio dove ogni partecipante avr\u00e0 la possibilit\u00e0 di sperimentare uno o pi\u00f9 ruoli del cinema. Ogni alunno potr\u00e0 imparare come funziona il set acquisendo i fondamentali e le competenze trasversali, utili a muovere i primi passi in modo autonomo in questo magico mondo. Il livello successivo propone la realizzazione di uno o pi\u00f9 filmati professionali con una maggiore attenzione nella ricerca dei particolari. Gli alunni, in questo caso, devono essere gi\u00e0 in grado di conoscere le basi del settore multimediale.<\/p>\n<p>Marcello Mastruzzi, inoltre, approfondisce nella sede delle Nuove Arti Terapie a Roma, lo studio della fotografia e del video nella relazione d\u2019aiuto. Questi incontri, in casi specifici, hanno un valore aggiunto per situazioni dove \u00e8 richiesto l\u2019intervento mirato nei diversi contesti socioeducativi e riabilitativi.<\/p>\n<p>I corsi sono aperti per le Scuole Primarie e Secondarie, Scuole di teatro per adulti e ragazzi, Associazioni culturali, Associazioni nel campo dell\u2019assistenza sociale e sociosanitaria.<\/p>\n<p>&nbsp;<\/p>\n<p>[\/et_pb_text][et_pb_text _builder_version=&#8221;4.16&#8243; _module_preset=&#8221;default&#8221; text_text_color=&#8221;#FFFFFF&#8221; text_font_size=&#8221;20px&#8221; text_orientation=&#8221;center&#8221; min_height=&#8221;37.8px&#8221; custom_margin=&#8221;||||false|false&#8221; custom_padding=&#8221;20px||20px||false|false&#8221; locked=&#8221;off&#8221; global_colors_info=&#8221;{}&#8221;]<\/p>\n<p>Contattaci al <a href=\"tel:3317526987\" style=\"color: #ff97eb; text-decoration: underline;\">3317526987<\/a> o <a href=\"mailto:info@mastruzzimultimedia.it\" style=\"color: #ff97eb; text-decoration: underline;\">info@mastruzzimultimedia.it<\/a><\/p>\n<p>[\/et_pb_text][dsm_perspective_image src=&#8221;https:\/\/mastruzzimultimedia.it\/wp-content\/uploads\/2023\/09\/laboratorio-cinematografico.jpg&#8221; title_text=&#8221;laboratorio-cinematografico&#8221; align=&#8221;center&#8221; force_fullwidth=&#8221;on&#8221; _builder_version=&#8221;4.22.2&#8243; _module_preset=&#8221;default&#8221; width=&#8221;50%&#8221; width_tablet=&#8221;100%&#8221; width_phone=&#8221;100%&#8221; width_last_edited=&#8221;on|phone&#8221; global_colors_info=&#8221;{}&#8221;][\/dsm_perspective_image][\/et_pb_column][\/et_pb_row][\/et_pb_section]<\/p>\n","protected":false},"excerpt":{"rendered":"<p>Laboratorio cinematograficoMarcello Mastruzzi dopo essersi laureato presso l\u2019Accademia di Belle Arti di Brescia (laurea magistrale LABA) e aver lavorato come professionista nel settore artistico, decide di promuovere laboratori di cinema aperti a tutti coloro che vogliono approfondire la materia da un punto di vista tecnico e creativo. All\u2019interno del corso si possono raggiungere diverse competenze, [&hellip;]<\/p>\n","protected":false},"author":1,"featured_media":0,"parent":0,"menu_order":0,"comment_status":"closed","ping_status":"closed","template":"","meta":{"_et_pb_use_builder":"on","_et_pb_old_content":"","_et_gb_content_width":"","footnotes":""},"class_list":["post-1148","page","type-page","status-publish","hentry"],"_links":{"self":[{"href":"https:\/\/mastruzzimultimedia.it\/index.php\/wp-json\/wp\/v2\/pages\/1148","targetHints":{"allow":["GET"]}}],"collection":[{"href":"https:\/\/mastruzzimultimedia.it\/index.php\/wp-json\/wp\/v2\/pages"}],"about":[{"href":"https:\/\/mastruzzimultimedia.it\/index.php\/wp-json\/wp\/v2\/types\/page"}],"author":[{"embeddable":true,"href":"https:\/\/mastruzzimultimedia.it\/index.php\/wp-json\/wp\/v2\/users\/1"}],"replies":[{"embeddable":true,"href":"https:\/\/mastruzzimultimedia.it\/index.php\/wp-json\/wp\/v2\/comments?post=1148"}],"version-history":[{"count":6,"href":"https:\/\/mastruzzimultimedia.it\/index.php\/wp-json\/wp\/v2\/pages\/1148\/revisions"}],"predecessor-version":[{"id":1183,"href":"https:\/\/mastruzzimultimedia.it\/index.php\/wp-json\/wp\/v2\/pages\/1148\/revisions\/1183"}],"wp:attachment":[{"href":"https:\/\/mastruzzimultimedia.it\/index.php\/wp-json\/wp\/v2\/media?parent=1148"}],"curies":[{"name":"wp","href":"https:\/\/api.w.org\/{rel}","templated":true}]}}